{"id":4859,"date":"2023-04-04T08:35:16","date_gmt":"2023-04-04T06:35:16","guid":{"rendered":"https:\/\/ingenias.es\/politica-de-cookies\/"},"modified":"2023-11-30T13:13:40","modified_gmt":"2023-11-30T12:13:40","slug":"politica-de-cookies","status":"publish","type":"page","link":"https:\/\/ingenias.es\/en\/politica-de-cookies\/","title":{"rendered":"Pol\u00edtica de cookies"},"content":{"rendered":"\t\t<div data-elementor-type=\"wp-page\" data-elementor-id=\"4859\" class=\"elementor elementor-4859 elementor-354\" data-elementor-post-type=\"page\">\n\t\t\t\t<div class=\"elementor-element elementor-element-08b4379 e-flex e-con-boxed e-con e-parent\" data-id=\"08b4379\" data-element_type=\"container\" data-e-type=\"container\">\n\t\t\t\t\t<div class=\"e-con-inner\">\n\t\t\t\t<div class=\"elementor-element elementor-element-acbfaf7 exad-sticky-section-no exad-glass-effect-no elementor-widget elementor-widget-text-editor\" data-id=\"acbfaf7\" data-element_type=\"widget\" data-e-type=\"widget\" data-widget_type=\"text-editor.default\">\n\t\t\t\t<div class=\"elementor-widget-container\">\n\t\t\t\t\t\t\t\t\t<p><b>1.- Identificaci\u00f3n<\/b><br \/>El presente sito web es titularidad de INGENIAS CREACIONES, SIGNOS E INVENCIONES, S.L., con NIF B-63961783 inscrita en el Registro Mercantil de Barcelona y domiciliada en Av. Diagonal 514, 1\u00ba, 08006 \u2013 Barcelona con e-mail de contacto info@ingenias.es, tel\u00e9fono 93.238.78.28 y fax 93.238.78.29.<\/p>\n<p>En la presente web ofrecemos informaci\u00f3n general sobre nuestros servicios y materias afines, la utilizaci\u00f3n de este sitio est\u00e1 sometida al \u00abAviso Legal\u00bb y a la \u00abPol\u00edtica de Privacidad\u00bb; el acceso y navegaci\u00f3n por la misma as\u00ed como el uso de la informaci\u00f3n que contiene, implican que el usuario ha le\u00eddo y acepta estas condiciones.<\/p>\n<p>Como sabes, tanto la informaci\u00f3n de la web como los textos legales y condiciones, pueden ir variando. En el encabezado encontrar\u00e1s la fecha de su \u00faltima modificaci\u00f3n. Si tienes dudas o precisas de cualquier informaci\u00f3n adicional, cont\u00e1ctanos.<\/p>\n<p>\u00a0<\/p>\n<p><b>2.- Derechos y obligaciones del usuario<\/b><br \/>El usuario se compromete a utilizar la informaci\u00f3n y servicios ofrecidos en esta web conforme al presente Aviso Legal, la ley, la moral y el orden p\u00fablico. El usuario responder\u00e1 frente a INGENIAS o terceros de los da\u00f1os y perjuicios, por el incumplimiento de tales obligaciones.<\/p>\n<p>\u00a0<\/p>\n<p><b>3.- Propiedad intelectual e industrial<\/b><br \/>Los textos, marcas, logotipos, dise\u00f1os, v\u00eddeos y general todos los contenidos de esta web as\u00ed como el propio c\u00f3digo fuente, se encuentran protegidos seg\u00fan la normativa vigente y son titularidad de INGENIAS o de terceros que han autorizado a INGENIAS su uso y\/o explotaci\u00f3n.<\/p>\n<p>Queda prohibida la copia, reproducci\u00f3n, distribuci\u00f3n, comunicaci\u00f3n p\u00fablica, transformaci\u00f3n y\/o puesta a disposici\u00f3n del p\u00fablico ya sea de forma total o parcial de los contenidos de la presente p\u00e1gina, sin la previa autorizaci\u00f3n expresa de su titular. La reproducci\u00f3n en redes sociales -con fines no comerciales- por parte del usuario de noticias o temas de actualidad que puedan constar en la web, est\u00e1 autorizada siempre y cuando sea l\u00edcita y no se modifiquen ni tergiversen los contenidos de INGENIAS.<\/p>\n<p>\u00a0<\/p>\n<p><b>4.- Limitaci\u00f3n de responsabilidad<\/b><br \/>INGENIAS no se responsabiliza de posibles errores u omisiones o por la falta de exactitud y\/o adecuaci\u00f3n, as\u00ed como de los errores de car\u00e1cter tipogr\u00e1fico que puedan existir en el contenido del sitio web, reserv\u00e1ndose el derecho a actualizarlos, restringirlos o eliminarlos cuando lo considere oportuno. Si detectas un error, te agradeceremos nos informes.<\/p>\n<p>Asimismo, INGENIAS no responder\u00e1 ante cualquier interrupci\u00f3n de la p\u00e1gina web que se pueda producir, en caso de actualizaci\u00f3n o mejora de la misma, o por causas ajenas.<\/p>\n<p>La responsabilidad derivada del mal uso de este sitio web por parte de los usuarios recaer\u00e1 \u00fanicamente en \u00e9stos \u00faltimos, sin que pueda derivarse responsabilidad alguna, por parte de INGENIAS.<\/p>\n<p>\u00a0<\/p>\n<p><b>5.- Hyperlinks (links)<\/b><br \/>En nuestra web incluimos algunos links a las webs de diferentes Oficinas de Marcas y Patentes, organismos internacionales, etc., sobre las que INGENIAS no ejerce ning\u00fan tipo de control y no puede responsabilizarse de su contenido, correcto funcionamiento, las respectivas pol\u00edticas de privacidad, posible uso de cookies, etc.<\/p>\n<p>Incluimos estos links en la web a efectos meramente informativos y por considerarlos como de posible inter\u00e9s para el cliente, sin implicar la existencia de NINGUNA relaci\u00f3n con INGENIAS.<\/p>\n<p>En caso que desees redireccionar tu web a este sitio o deseas utilizar cualquier link, deber\u00e1s contar con la previa autorizaci\u00f3n de INGENIAS.<\/p>\n<p>\u00a0<\/p>\n<p><b>6.\u2013 Cookies<\/b><br \/>Te informamos que podemos utilizar cookies en nuestra web.<\/p>\n<p>Las cookies son archivos que se almacenan en el ordenador y pueden contener informaci\u00f3n sobre las preferencias de navegaci\u00f3n del usuario.<\/p>\n<p>Estos archivos \u00fanicamente ser\u00e1n utilizados para medir el tr\u00e1fico de la web, conocer los pa\u00edses\/ciudades que la visitan, el tiempo que permanecen en ella, etc. esta informaci\u00f3n nos es de utilidad para adaptar mejor la funcionalidad de nuestra web y en ning\u00fan momento contiene informaci\u00f3n personal o que permita identificar al usuario concreto.<\/p>\n<p>Los navegadores ofrecen un apartado para desactivar las cookies en caso de que no quieras que las utilicemos. Esta opci\u00f3n normalmente se encuentra en el apartado de herramientas de tu navegador, pero puede variar de un programa a otro.<\/p>\n<p>\u00a0<\/p>\n<p><b>7.\u2013 Normativa y jurisdicci\u00f3n aplicable<\/b><br \/>Cualquier controversia o reclamaci\u00f3n que pudiera surgir sobre los contenidos, actividades y servicios de la presente web entre el INGENIAS y los usuarios y\/o terceros, ser\u00e1 sometida a la jurisdicci\u00f3n de los Tribunales de Barcelona y a la legislaci\u00f3n espa\u00f1ola con renuncia expresa a cualquier otro fuero que pudiera corresponderles, salvo que la legislaci\u00f3n aplicable determine de forma imperativa otro fuero o legislaci\u00f3n distinta.<\/p>\n<p>\u00a0<\/p>\n<p><i>\u00daltima modificaci\u00f3n: Abril, 2013<\/i><\/p>\n\t\t\t\t\t\t\t\t<\/div>\n\t\t\t\t<\/div>\n\t\t\t\t\t<\/div>\n\t\t\t\t<\/div>\n\t\t\t\t<\/div>\n\t\t","protected":false},"excerpt":{"rendered":"1.- Identificaci\u00f3nEl presente sito web es titularidad de INGENIAS CREACIONES, SIGNOS E INVENCIONES, S.L., con NIF B-63961783 inscrita en el Registro Mercantil de Barcelona y domiciliada en Av. Diagonal 514, 1\u00ba, 08006 \u2013 Barcelona con e-mail de contacto info@ingenias.es, tel\u00e9fono 93.238.78.28 y fax 93.238.78.29. En la presente web ofrecemos informaci\u00f3n general sobre nuestros servicios y [&hellip;]","protected":false},"author":2,"featured_media":0,"parent":0,"menu_order":0,"comment_status":"closed","ping_status":"closed","template":"","meta":{"_acf_changed":false,"content-type":"","_genesis_hide_title":false,"_genesis_hide_breadcrumbs":false,"_genesis_hide_singular_image":false,"_genesis_hide_footer_widgets":false,"_genesis_custom_body_class":"menu-black","_genesis_custom_post_class":"","_genesis_layout":"","footnotes":""},"class_list":{"0":"post-4859","1":"page","2":"type-page","3":"status-publish","5":"entry"},"acf":[],"yoast_head":"<!-- This site is optimized with the Yoast SEO plugin v27.3 - https:\/\/yoast.com\/product\/yoast-seo-wordpress\/ -->\n<title>Pol\u00edtica de cookies - Ingenias<\/title>\n<meta name=\"robots\" content=\"noindex, nofollow\" \/>\n<meta property=\"og:locale\" content=\"en_US\" \/>\n<meta property=\"og:type\" content=\"article\" \/>\n<meta property=\"og:title\" content=\"Pol\u00edtica de cookies - Ingenias\" \/>\n<meta property=\"og:description\" content=\"1.- Identificaci\u00f3nEl presente sito web es titularidad de INGENIAS CREACIONES, SIGNOS E INVENCIONES, S.L., con NIF B-63961783 inscrita en el Registro Mercantil de Barcelona y domiciliada en Av. Diagonal 514, 1\u00ba, 08006 \u2013 Barcelona con e-mail de contacto info@ingenias.es, tel\u00e9fono 93.238.78.28 y fax 93.238.78.29. En la presente web ofrecemos informaci\u00f3n general sobre nuestros servicios y [&hellip;]\" \/>\n<meta property=\"og:url\" content=\"https:\/\/ingenias.es\/en\/politica-de-cookies\/\" \/>\n<meta property=\"og:site_name\" content=\"Ingenias\" \/>\n<meta property=\"article:modified_time\" content=\"2023-11-30T12:13:40+00:00\" \/>\n<meta property=\"og:image\" content=\"https:\/\/ingenias.es\/wp-content\/uploads\/oficina-ingenias.jpg\" \/>\n\t<meta property=\"og:image:width\" content=\"1925\" \/>\n\t<meta property=\"og:image:height\" content=\"1092\" \/>\n\t<meta property=\"og:image:type\" content=\"image\/jpeg\" \/>\n<meta name=\"twitter:card\" content=\"summary_large_image\" \/>\n<meta name=\"twitter:label1\" content=\"Est. reading time\" \/>\n\t<meta name=\"twitter:data1\" content=\"4 minutes\" \/>\n<script type=\"application\/ld+json\" class=\"yoast-schema-graph\">{\"@context\":\"https:\\\/\\\/schema.org\",\"@graph\":[{\"@type\":\"WebPage\",\"@id\":\"https:\\\/\\\/ingenias.es\\\/en\\\/politica-de-cookies\\\/\",\"url\":\"https:\\\/\\\/ingenias.es\\\/en\\\/politica-de-cookies\\\/\",\"name\":\"Pol\u00edtica de cookies - Ingenias\",\"isPartOf\":{\"@id\":\"https:\\\/\\\/ingenias.es\\\/#website\"},\"datePublished\":\"2023-04-04T06:35:16+00:00\",\"dateModified\":\"2023-11-30T12:13:40+00:00\",\"breadcrumb\":{\"@id\":\"https:\\\/\\\/ingenias.es\\\/en\\\/politica-de-cookies\\\/#breadcrumb\"},\"inLanguage\":\"en-US\",\"potentialAction\":[{\"@type\":\"ReadAction\",\"target\":[\"https:\\\/\\\/ingenias.es\\\/en\\\/politica-de-cookies\\\/\"]}]},{\"@type\":\"BreadcrumbList\",\"@id\":\"https:\\\/\\\/ingenias.es\\\/en\\\/politica-de-cookies\\\/#breadcrumb\",\"itemListElement\":[{\"@type\":\"ListItem\",\"position\":1,\"name\":\"Portada\",\"item\":\"https:\\\/\\\/ingenias.es\\\/en\\\/\"},{\"@type\":\"ListItem\",\"position\":2,\"name\":\"Pol\u00edtica de cookies\"}]},{\"@type\":\"WebSite\",\"@id\":\"https:\\\/\\\/ingenias.es\\\/#website\",\"url\":\"https:\\\/\\\/ingenias.es\\\/\",\"name\":\"Ingenias\",\"description\":\"Patentes y Marcas \u00b7 Agencia Oficial Barcelona\",\"publisher\":{\"@id\":\"https:\\\/\\\/ingenias.es\\\/#organization\"},\"potentialAction\":[{\"@type\":\"SearchAction\",\"target\":{\"@type\":\"EntryPoint\",\"urlTemplate\":\"https:\\\/\\\/ingenias.es\\\/?s={search_term_string}\"},\"query-input\":{\"@type\":\"PropertyValueSpecification\",\"valueRequired\":true,\"valueName\":\"search_term_string\"}}],\"inLanguage\":\"en-US\"},{\"@type\":\"Organization\",\"@id\":\"https:\\\/\\\/ingenias.es\\\/#organization\",\"name\":\"Ingenias\",\"url\":\"https:\\\/\\\/ingenias.es\\\/\",\"logo\":{\"@type\":\"ImageObject\",\"inLanguage\":\"en-US\",\"@id\":\"https:\\\/\\\/ingenias.es\\\/#\\\/schema\\\/logo\\\/image\\\/\",\"url\":\"https:\\\/\\\/ingenias.es\\\/wp-content\\\/uploads\\\/ingenias-portada.png\",\"contentUrl\":\"https:\\\/\\\/ingenias.es\\\/wp-content\\\/uploads\\\/ingenias-portada.png\",\"width\":400,\"height\":400,\"caption\":\"Ingenias\"},\"image\":{\"@id\":\"https:\\\/\\\/ingenias.es\\\/#\\\/schema\\\/logo\\\/image\\\/\"},\"sameAs\":[\"https:\\\/\\\/www.linkedin.com\\\/company\\\/ingenias-creaciones-signos-e-invenciones-s-l\\\/\"]}]}<\/script>\n<!-- \/ Yoast SEO plugin. -->","yoast_head_json":{"title":"Pol\u00edtica de cookies - Ingenias","robots":{"index":"noindex","follow":"nofollow"},"og_locale":"en_US","og_type":"article","og_title":"Pol\u00edtica de cookies - Ingenias","og_description":"1.- Identificaci\u00f3nEl presente sito web es titularidad de INGENIAS CREACIONES, SIGNOS E INVENCIONES, S.L., con NIF B-63961783 inscrita en el Registro Mercantil de Barcelona y domiciliada en Av. Diagonal 514, 1\u00ba, 08006 \u2013 Barcelona con e-mail de contacto info@ingenias.es, tel\u00e9fono 93.238.78.28 y fax 93.238.78.29. En la presente web ofrecemos informaci\u00f3n general sobre nuestros servicios y [&hellip;]","og_url":"https:\/\/ingenias.es\/en\/politica-de-cookies\/","og_site_name":"Ingenias","article_modified_time":"2023-11-30T12:13:40+00:00","og_image":[{"width":1925,"height":1092,"url":"https:\/\/ingenias.es\/wp-content\/uploads\/oficina-ingenias.jpg","type":"image\/jpeg"}],"twitter_card":"summary_large_image","twitter_misc":{"Est. reading time":"4 minutes"},"schema":{"@context":"https:\/\/schema.org","@graph":[{"@type":"WebPage","@id":"https:\/\/ingenias.es\/en\/politica-de-cookies\/","url":"https:\/\/ingenias.es\/en\/politica-de-cookies\/","name":"Pol\u00edtica de cookies - Ingenias","isPartOf":{"@id":"https:\/\/ingenias.es\/#website"},"datePublished":"2023-04-04T06:35:16+00:00","dateModified":"2023-11-30T12:13:40+00:00","breadcrumb":{"@id":"https:\/\/ingenias.es\/en\/politica-de-cookies\/#breadcrumb"},"inLanguage":"en-US","potentialAction":[{"@type":"ReadAction","target":["https:\/\/ingenias.es\/en\/politica-de-cookies\/"]}]},{"@type":"BreadcrumbList","@id":"https:\/\/ingenias.es\/en\/politica-de-cookies\/#breadcrumb","itemListElement":[{"@type":"ListItem","position":1,"name":"Portada","item":"https:\/\/ingenias.es\/en\/"},{"@type":"ListItem","position":2,"name":"Pol\u00edtica de cookies"}]},{"@type":"WebSite","@id":"https:\/\/ingenias.es\/#website","url":"https:\/\/ingenias.es\/","name":"Ingenias","description":"Patentes y Marcas \u00b7 Agencia Oficial Barcelona","publisher":{"@id":"https:\/\/ingenias.es\/#organization"},"potentialAction":[{"@type":"SearchAction","target":{"@type":"EntryPoint","urlTemplate":"https:\/\/ingenias.es\/?s={search_term_string}"},"query-input":{"@type":"PropertyValueSpecification","valueRequired":true,"valueName":"search_term_string"}}],"inLanguage":"en-US"},{"@type":"Organization","@id":"https:\/\/ingenias.es\/#organization","name":"Ingenias","url":"https:\/\/ingenias.es\/","logo":{"@type":"ImageObject","inLanguage":"en-US","@id":"https:\/\/ingenias.es\/#\/schema\/logo\/image\/","url":"https:\/\/ingenias.es\/wp-content\/uploads\/ingenias-portada.png","contentUrl":"https:\/\/ingenias.es\/wp-content\/uploads\/ingenias-portada.png","width":400,"height":400,"caption":"Ingenias"},"image":{"@id":"https:\/\/ingenias.es\/#\/schema\/logo\/image\/"},"sameAs":["https:\/\/www.linkedin.com\/company\/ingenias-creaciones-signos-e-invenciones-s-l\/"]}]}},"rttpg_featured_image_url":null,"rttpg_author":{"display_name":"DavidAmat","author_link":"https:\/\/ingenias.es\/en\/author\/davidamat\/"},"rttpg_comment":0,"rttpg_category":" <a href=\"https:\/\/ingenias.es\/en\/?taxonomy=translation_priority&#038;term=optional-en\" rel=\"tag\">Optional<\/a>","rttpg_excerpt":"1.- Identificaci\u00f3nEl presente sito web es titularidad de INGENIAS CREACIONES, SIGNOS E INVENCIONES, S.L., con NIF B-63961783 inscrita en el Registro Mercantil de Barcelona y domiciliada en Av. Diagonal 514, 1\u00ba, 08006 \u2013 Barcelona con e-mail de contacto info@ingenias.es, tel\u00e9fono 93.238.78.28 y fax 93.238.78.29. En la presente web ofrecemos informaci\u00f3n general sobre nuestros servicios y&hellip;","_links":{"self":[{"href":"https:\/\/ingenias.es\/en\/wp-json\/wp\/v2\/pages\/4859","targetHints":{"allow":["GET"]}}],"collection":[{"href":"https:\/\/ingenias.es\/en\/wp-json\/wp\/v2\/pages"}],"about":[{"href":"https:\/\/ingenias.es\/en\/wp-json\/wp\/v2\/types\/page"}],"author":[{"embeddable":true,"href":"https:\/\/ingenias.es\/en\/wp-json\/wp\/v2\/users\/2"}],"replies":[{"embeddable":true,"href":"https:\/\/ingenias.es\/en\/wp-json\/wp\/v2\/comments?post=4859"}],"version-history":[{"count":0,"href":"https:\/\/ingenias.es\/en\/wp-json\/wp\/v2\/pages\/4859\/revisions"}],"wp:attachment":[{"href":"https:\/\/ingenias.es\/en\/wp-json\/wp\/v2\/media?parent=4859"}],"curies":[{"name":"wp","href":"https:\/\/api.w.org\/{rel}","templated":true}]}}