{"id":4861,"date":"2023-03-29T14:50:25","date_gmt":"2023-03-29T12:50:25","guid":{"rendered":"https:\/\/ingenias.es\/politica-de-privacidad\/"},"modified":"2023-11-30T13:15:47","modified_gmt":"2023-11-30T12:15:47","slug":"politica-de-privacidad","status":"publish","type":"page","link":"https:\/\/ingenias.es\/en\/politica-de-privacidad\/","title":{"rendered":"Pol\u00edtica de privacidad"},"content":{"rendered":"\t\t<div data-elementor-type=\"wp-page\" data-elementor-id=\"4861\" class=\"elementor elementor-4861 elementor-8\" data-elementor-post-type=\"page\">\n\t\t\t\t<div class=\"elementor-element elementor-element-858233d e-flex e-con-boxed e-con e-parent\" data-id=\"858233d\" data-element_type=\"container\" data-e-type=\"container\">\n\t\t\t\t\t<div class=\"e-con-inner\">\n\t\t\t\t<div class=\"elementor-element elementor-element-9aac0b2 exad-sticky-section-no exad-glass-effect-no elementor-widget elementor-widget-text-editor\" data-id=\"9aac0b2\" data-element_type=\"widget\" data-e-type=\"widget\" data-widget_type=\"text-editor.default\">\n\t\t\t\t<div class=\"elementor-widget-container\">\n\t\t\t\t\t\t\t\t\t<p>La siguiente pol\u00edtica de privacidad explica c\u00f3mo, por y para qu\u00e9 utilizamos tu informaci\u00f3n cuando visitas esta web o contratas alguno de nuestros servicios. INGENIAS CREACIONES SIGNOS E INVENCIONES, S.L. (en adelante, INGENIAS) tiene un especial celo por los datos personales de nuestros clientes por lo que nunca haremos un uso indebido de la informaci\u00f3n personal que nos facilites.<\/p>\n<p>Esta pol\u00edtica ser\u00e1 de aplicaci\u00f3n en caso de que los usuarios o clientes decidan rellenar cualesquiera formularios donde se recaben datos de car\u00e1cter personal, as\u00ed como contraten cualesquiera de nuestros servicios. Es por ello que te invitamos a leer detenidamente estos t\u00e9rminos antes de facilitar tus datos personales en esta web o a nuestra empresa.<\/p>\n<p><strong><br \/><u>Respeto al derecho a la privacidad de nuestros clientes y usuarios<\/u><br \/><\/strong><\/p>\n<p>En INGENIAS ponemos especial atenci\u00f3n en el respeto y cuidado de los datos personales de nuestros usuarios y clientes, sobre la base de los siguientes principios:<\/p>\n<ul>\n<li>Nunca solicitamos informaci\u00f3n personal a menos que realmente sea necesaria para la prestaci\u00f3n de los servicios propios de nuestra actividad.<\/li>\n<li>Nunca compartimos informaci\u00f3n personal de nuestros clientes o usuarios con ning\u00fan tercero, salvo en caso de autorizaci\u00f3n por parte de nuestros clientes y usuarios o para dar cumplimiento a las exigencias de nuestra legislaci\u00f3n.<\/li>\n<li>Nunca utilizamos datos de car\u00e1cter personal con una finalidad diferente a la expresada en esta pol\u00edtica de privacidad.<\/li>\n<\/ul>\n<p>Es preciso advertir que esta Pol\u00edtica de Privacidad podr\u00eda variar en funci\u00f3n de exigencias legislativas o de autorregulaci\u00f3n, por lo que se aconseja a nuestro cliente y usuarios que la visiten peri\u00f3dicamente.<\/p>\n<p>INGENIAS\u00a0 ha adecuado esta web a las exigencias de la Ley Org\u00e1nica 3\/2018, de 5 de diciembre, de Protecci\u00f3n de Datos Personales y garant\u00eda de los derechos digitales (LOPDGDD), y al Reglamento (UE) 2016\/679 del Parlamento Europeo y del Consejo de 27 de abril de 2016 relativo a la protecci\u00f3n de las personas f\u00edsicas (RGPD), as\u00ed como con la Ley 34\/2002, de 11 de julio, de Servicios de la Sociedad de la Informaci\u00f3n y Comercio Electr\u00f3nico (LSSICE o LSSI).<\/p>\n<p><strong><br \/><u>Responsable del tratamiento de los datos<\/u><br \/><\/strong><\/p>\n<ul>\n<li>Identidad del Responsable: INGENIAS CREACIONES SIGNOS E INVENCIONES, S.L.<\/li>\n<li>Nombre comercial: \u00a0INGENIAS<\/li>\n<li>CIF: B63961783<\/li>\n<li>Direcci\u00f3n: Av. Diagonal, 514 \u2013 1\u00ba 08006 Barcelona (Spain)<\/li>\n<li>Correo electr\u00f3nico: info@ingenias.es<\/li>\n<li>Actividad: Agencia Oficial de Patentes y Marcas, asistencia t\u00e9cnica y consultor\u00eda estrat\u00e9gica para la protecci\u00f3n de la investigaci\u00f3n, el desarrollo, la creaci\u00f3n y la innovaci\u00f3n.<\/li>\n<\/ul>\n<p><strong><br \/><u>Principios rectores de nuestra Pol\u00edtica de Privacidad<\/u><br \/><\/strong><\/p>\n<p>En el tratamiento de los datos personales de nuestros clientes y usuarios aplicamos los siguientes principios que se ajustan a las exigencias de la actual legislaci\u00f3n en materia de protecci\u00f3n de datos:<\/p>\n<ul>\n<li><strong>Principio de licitud, lealtad y transparencia: <\/strong>Requerimos siempre el consentimiento de nuestros clientes y usuarios para el tratamiento de los datos personales para los fines espec\u00edficos propios de nuestra actividad.<\/li>\n<li><strong>Principio de minimizaci\u00f3n de datos:<\/strong> \u00danicamente solicitamos los datos estrictamente necesarios para el desarrollo de los fines propios de nuestra actividad.<\/li>\n<li><strong>Principio de limitaci\u00f3n del plazo de conservaci\u00f3n:<\/strong> los datos ser\u00e1n mantenidos durante no m\u00e1s tiempo del necesario para los fines del tratamiento.<\/li>\n<li><strong>Principio de integridad y confidencialidad:<\/strong> Tratamos los datos de tal manera que se garantice una seguridad adecuada de los mismos, garantizando su\u00a0confidencialidad e implementando las medidas necesarias para evitar el acceso no autorizado o un uso indebido de \u00e9stos por parte de terceros.<\/li>\n<\/ul>\n<p><strong><br \/><u>C\u00f3mo obtenemos los datos de nuestros clientes y usuarios<\/u><br \/><\/strong><\/p>\n<p>Los datos personales que tratamos en INGENIAS proceden de las siguientes fuentes:<\/p>\n<ul>\n<li>Formulario de contacto de nuestra web<\/li>\n<li>Consultas recibidas a trav\u00e9s de medios telem\u00e1ticos.<\/li>\n<li>Intercambio de correos electr\u00f3nicos<\/li>\n<li>Poderes y dem\u00e1s formularios Legales<\/li>\n<li>Presupuestos y facturas<\/li>\n<\/ul>\n<p><strong><br \/><u>Qu\u00e9 derechos tienen nuestros clientes y usuarios<\/u><br \/><\/strong><\/p>\n<p>Cualquier persona tiene derecho a obtener confirmaci\u00f3n sobre si INGENIAS est\u00e1 tratando sus datos personales.<\/p>\n<p>Adem\u00e1s, las personas interesadas tienen derecho a:<\/p>\n<ul>\n<li>Solicitar el acceso a sus datos.<\/li>\n<li>Solicitar su rectificaci\u00f3n o supresi\u00f3n.<\/li>\n<li>Solicitar la limitaci\u00f3n de su tratamiento.<\/li>\n<li>Oponerse al tratamiento.<\/li>\n<li>Solicitar la portabilidad de los datos siempre que est\u00e9n recogidos por mecanismos automatizados.<\/li>\n<\/ul>\n<p>Los interesados tambi\u00e9n tendr\u00e1n derecho a la tutela judicial efectiva y a presentar una reclamaci\u00f3n ante la autoridad de control, en este caso, la Agencia Espa\u00f1ola de Protecci\u00f3n de Datos, si consideran que el tratamiento de datos personales que le conciernen infringe nuestra legislaci\u00f3n.<\/p>\n<p>Para ejercitar sus derechos los interesados podr\u00e1n comunicarlo por escrito a Av. Diagonal 514, 1\u00aa planta, 08006 \u2013 Barcelona o a<br \/><a href=\"mailto:info@ingenias.es\">info@ingenias.es<\/a>.<\/p>\n<p><strong><br \/><u>Finalidad del tratamiento de los datos de car\u00e1cter personal<\/u><br \/><\/strong><\/p>\n<p>Cuando un cliente o usuario contacta con INGENIAS est\u00e1 facilitando informaci\u00f3n que puede incluir datos de car\u00e1cter personal como pueden ser su direcci\u00f3n IP, nombre, direcci\u00f3n f\u00edsica, direcci\u00f3n de correo electr\u00f3nico, n\u00famero de tel\u00e9fono, y otra informaci\u00f3n mercantil y\/o de facturaci\u00f3n. Al facilitar esta informaci\u00f3n, el usuario da su consentimiento para que su informaci\u00f3n sea recopilada, utilizada, gestionada y almacenada por INGENIAS para los siguientes fine propios de su actividad:<\/p>\n<p>Estos datos ser\u00e1n recogidos y tratados con la finalidad gestionar los expedientes de nuestros clientes y usuarios, ofrecerles los servicios requeridos as\u00ed como para informarles de posibles novedades legislativas o jurisprudencia que puedan ser aplicables a sus asuntos o guardar relaci\u00f3n con sus expedientes y los servicios que ofrece INGENIAS.<\/p>\n<p>Existen otras finalidades relacionadas con el tratamiento de sus datos personales:<\/p>\n<ul>\n<li>Para garantizar el cumplimiento de las condiciones de uso y la ley aplicable. Esto puede incluir el desarrollo de herramientas y algoritmos que ayudan a esta web a garantizar la confidencialidad de los datos personales que recoge.<\/li>\n<li>Para apoyar y mejorar los servicios que ofrece esta web.<\/li>\n<li>Tambi\u00e9n se recogen otros datos no identificativos que se obtienen mediante algunas cookies que se descargan en el ordenador del usuario cuando navega en esta web, detallados en la<br \/><u><br \/><a href=\"https:\/\/www.garridofreshmentoring.com\/cookies-2018\/\">pol\u00edtica de cookies<\/a><br \/><\/u>.<\/li>\n<\/ul>\n<p><strong><br \/><u>Legitimaci\u00f3n para el tratamiento de los datos de car\u00e1cter personal<\/u><br \/><\/strong><\/p>\n<p>La base legal para el tratamiento de sus datos es: el consentimiento.<\/p>\n<p>Para contactar con INGENIAS en esta web se requiere el consentimiento con esta pol\u00edtica de privacidad.<\/p>\n<p><strong><br \/><u>Categor\u00eda de datos<\/u><br \/><\/strong><\/p>\n<p>Las categor\u00edas de datos que INGENIAS trata son meramente identificativos de nuestros clientes y usuarios. INGENIAS no trata categor\u00edas de datos especialmente protegidos.<\/p>\n<p><strong><br \/><u>Por cu\u00e1nto tiempo se conservan los datos de car\u00e1cter personal<\/u><br \/><\/strong><\/p>\n<p>Los datos personales se conservar\u00e1n no m\u00e1s tiempo del necesario para los fines propios del tratamiento y, en aquellos casos en que exista una relaci\u00f3n contractual, hasta la finalizaci\u00f3n de la misma y, posteriormente, durante los plazos legalmente exigidos.<\/p>\n<p><strong><br \/><u>A qu\u00e9 destinatarios se comunicar\u00e1n los datos de car\u00e1cter personal<\/u><br \/><\/strong><\/p>\n<p>Para prestar servicios estrictamente necesarios para el desarrollo de la actividad,<br \/><a href=\"https:\/\/www.garridofreshmentoring.com\/\">INGENIAS<\/a>, comparte datos con los siguientes prestadores bajo sus correspondientes condiciones de privacidad.<\/p>\n<p>Gesti\u00f3n de expedientes y contabilidad: GRUPO 10 EMPRESARIAL IP SOFTWARE, S.L.U.<\/p>\n<p>Hosting de la web de INGENIAS: ENDEOS, S.L.<\/p>\n<p>Mantenimiento y soporte inform\u00e1tico: PISTACERO, S.L.<\/p>\n<p>Asesor\u00eda\/Gestor\u00eda: SLP Asociados S.L.<\/p>\n<p>An\u00e1lisis de la web: Google Analytics:<br \/><a href=\"https:\/\/www.google.com\/intl\/es\/about\/\">Google, Inc.<\/a><\/p>\n<p><strong><br \/><u>Navegaci\u00f3n<\/u><br \/><\/strong><\/p>\n<p>Al navegar por www.ingenias.es se pueden recoger datos no identificables, que pueden incluir, direcciones IP, ubicaci\u00f3n geogr\u00e1fica (aproximadamente), un registro de c\u00f3mo se utilizan los servicios y sitios, y otros datos que no pueden ser utilizados para identificar al usuario. Entre los datos no identificativos est\u00e1n tambi\u00e9n los relacionados a tus h\u00e1bitos de navegaci\u00f3n a trav\u00e9s de servicios de terceros. Esta web utiliza los como servicio de an\u00e1lisis de terceros: a Google Analytics.<\/p>\n<p><strong><br \/><u>Secreto y seguridad de los datos personales<\/u><br \/><\/strong><\/p>\n<p>INGENIAS se compromete en el uso y tratamiento de los datos personales de nuestros clientes y usuarios a respetar su confidencialidad y a utilizarlos de acuerdo con las finalidades propias de su actividad, as\u00ed como a dar cumplimiento a su obligaci\u00f3n de guardarlos y adaptar todas las medidas para evitar la alteraci\u00f3n, p\u00e9rdida, tratamiento o acceso no autorizado, de conformidad con lo establecido en la normativa vigente de protecci\u00f3n de datos.<\/p>\n<p>No obstante, INGENIAS no puede garantizar la absoluta inexpugnabilidad de la red Internet as\u00ed como de sus sistemas inform\u00e1ticos y por tanto la violaci\u00f3n de los datos mediante accesos fraudulentos a ellos por parte de terceros.<\/p>\n<p><strong><br \/><u>Exactitud y veracidad de los datos<\/u><br \/><\/strong><\/p>\n<p>Nuestros clientes y usuarios tiene la responsabilidad de cumplir con la veracidad y correcci\u00f3n de los datos que faciliten a INGENIAS exonerando a la misma de cualquier responsabilidad al respecto. Nuestros clientes y usuarios garantizan y responden, en cualquier caso, de la exactitud, vigencia y autenticidad de los datos personales facilitados, y se comprometen a mantenerlos debidamente actualizados.<\/p>\n<p><strong><br \/><u>Aceptaci\u00f3n y consentimiento<\/u><br \/><\/strong><\/p>\n<p>Nuestros clientes y usuarios declaran haber sido informados de las condiciones sobre protecci\u00f3n de datos de car\u00e1cter personal, aceptando y consintiendo el tratamiento de los mismos por parte de INGENIAS en la forma y para las finalidades indicadas en esta pol\u00edtica de privacidad.<\/p>\n<p><strong><br \/><u>Cambios en la pol\u00edtica de privacidad<\/u><br \/><\/strong><\/p>\n<p>INGENIAS se reserva el derecho a modificar la presente pol\u00edtica para adaptarla a novedades legislativas o jurisprudenciales, as\u00ed como a pr\u00e1cticas de la industria. En dichos supuestos, INGENIAS anunciar\u00e1 en esta p\u00e1gina los cambios introducidos con razonable antelaci\u00f3n a su puesta en pr\u00e1ctica.<\/p>\n<p><strong><br \/><u>Correos comerciales<\/u><br \/><\/strong><\/p>\n<p>De acuerdo con la LSSICE, INGENIAS no realiza pr\u00e1cticas de SPAM, por lo que no env\u00eda correos comerciales por v\u00eda electr\u00f3nica que no hayan sido previamente solicitados o autorizados por el usuario.<\/p>\n<p>Conforme a lo dispuesto en la Ley 34\/2002 de Servicios de la Sociedad de la Informaci\u00f3n y de comercio electr\u00f3nico, INGENIAS se compromete a no enviar comunicaciones de car\u00e1cter comercial sin identificarlas debidamente.<\/p>\n<p><strong><br \/><u>Dudas o consultas sobre esta pol\u00edtica o tus derechos<\/u><br \/><\/strong><\/p>\n<p>Si tienes alguna pregunta o comentario sobre esta pol\u00edtica, o si tienes alguna inquietud sobre la forma en que se ha podido gestionar alguna informaci\u00f3n personal que nos hayas facilitado, puedes contactarnos por correo postal en Av. Diagonal 514, 1\u00aa planta, 08006 \u2013 Barcelona o correo electr\u00f3nico a:<br \/><a href=\"mailto:info@ingenias.es\">info@ingenias.es<\/a><\/p>\n\t\t\t\t\t\t\t\t<\/div>\n\t\t\t\t<\/div>\n\t\t\t\t\t<\/div>\n\t\t\t\t<\/div>\n\t\t\t\t<\/div>\n\t\t","protected":false},"excerpt":{"rendered":"La siguiente pol\u00edtica de privacidad explica c\u00f3mo, por y para qu\u00e9 utilizamos tu informaci\u00f3n cuando visitas esta web o contratas alguno de nuestros servicios. INGENIAS CREACIONES SIGNOS E INVENCIONES, S.L. (en adelante, INGENIAS) tiene un especial celo por los datos personales de nuestros clientes por lo que nunca haremos un uso indebido de la informaci\u00f3n [&hellip;]","protected":false},"author":2,"featured_media":0,"parent":0,"menu_order":0,"comment_status":"closed","ping_status":"closed","template":"","meta":{"_acf_changed":false,"content-type":"","_genesis_hide_title":false,"_genesis_hide_breadcrumbs":false,"_genesis_hide_singular_image":false,"_genesis_hide_footer_widgets":false,"_genesis_custom_body_class":"menu-black","_genesis_custom_post_class":"","_genesis_layout":"","footnotes":""},"class_list":{"0":"post-4861","1":"page","2":"type-page","3":"status-publish","5":"entry"},"acf":[],"yoast_head":"<!-- This site is optimized with the Yoast SEO plugin v27.3 - https:\/\/yoast.com\/product\/yoast-seo-wordpress\/ -->\n<title>Pol\u00edtica de privacidad - Ingenias<\/title>\n<meta name=\"robots\" content=\"noindex, nofollow\" \/>\n<meta property=\"og:locale\" content=\"en_US\" \/>\n<meta property=\"og:type\" content=\"article\" \/>\n<meta property=\"og:title\" content=\"Pol\u00edtica de privacidad - Ingenias\" \/>\n<meta property=\"og:description\" content=\"La siguiente pol\u00edtica de privacidad explica c\u00f3mo, por y para qu\u00e9 utilizamos tu informaci\u00f3n cuando visitas esta web o contratas alguno de nuestros servicios. INGENIAS CREACIONES SIGNOS E INVENCIONES, S.L. (en adelante, INGENIAS) tiene un especial celo por los datos personales de nuestros clientes por lo que nunca haremos un uso indebido de la informaci\u00f3n [&hellip;]\" \/>\n<meta property=\"og:url\" content=\"https:\/\/ingenias.es\/en\/politica-de-privacidad\/\" \/>\n<meta property=\"og:site_name\" content=\"Ingenias\" \/>\n<meta property=\"article:modified_time\" content=\"2023-11-30T12:15:47+00:00\" \/>\n<meta property=\"og:image\" content=\"https:\/\/ingenias.es\/wp-content\/uploads\/oficina-ingenias.jpg\" \/>\n\t<meta property=\"og:image:width\" content=\"1925\" \/>\n\t<meta property=\"og:image:height\" content=\"1092\" \/>\n\t<meta property=\"og:image:type\" content=\"image\/jpeg\" \/>\n<meta name=\"twitter:card\" content=\"summary_large_image\" \/>\n<meta name=\"twitter:label1\" content=\"Est. reading time\" \/>\n\t<meta name=\"twitter:data1\" content=\"7 minutes\" \/>\n<script type=\"application\/ld+json\" class=\"yoast-schema-graph\">{\"@context\":\"https:\\\/\\\/schema.org\",\"@graph\":[{\"@type\":\"WebPage\",\"@id\":\"https:\\\/\\\/ingenias.es\\\/en\\\/politica-de-privacidad\\\/\",\"url\":\"https:\\\/\\\/ingenias.es\\\/en\\\/politica-de-privacidad\\\/\",\"name\":\"Pol\u00edtica de privacidad - Ingenias\",\"isPartOf\":{\"@id\":\"https:\\\/\\\/ingenias.es\\\/#website\"},\"datePublished\":\"2023-03-29T12:50:25+00:00\",\"dateModified\":\"2023-11-30T12:15:47+00:00\",\"breadcrumb\":{\"@id\":\"https:\\\/\\\/ingenias.es\\\/en\\\/politica-de-privacidad\\\/#breadcrumb\"},\"inLanguage\":\"en-US\",\"potentialAction\":[{\"@type\":\"ReadAction\",\"target\":[\"https:\\\/\\\/ingenias.es\\\/en\\\/politica-de-privacidad\\\/\"]}]},{\"@type\":\"BreadcrumbList\",\"@id\":\"https:\\\/\\\/ingenias.es\\\/en\\\/politica-de-privacidad\\\/#breadcrumb\",\"itemListElement\":[{\"@type\":\"ListItem\",\"position\":1,\"name\":\"Portada\",\"item\":\"https:\\\/\\\/ingenias.es\\\/en\\\/\"},{\"@type\":\"ListItem\",\"position\":2,\"name\":\"Pol\u00edtica de privacidad\"}]},{\"@type\":\"WebSite\",\"@id\":\"https:\\\/\\\/ingenias.es\\\/#website\",\"url\":\"https:\\\/\\\/ingenias.es\\\/\",\"name\":\"Ingenias\",\"description\":\"Patentes y Marcas \u00b7 Agencia Oficial Barcelona\",\"publisher\":{\"@id\":\"https:\\\/\\\/ingenias.es\\\/#organization\"},\"potentialAction\":[{\"@type\":\"SearchAction\",\"target\":{\"@type\":\"EntryPoint\",\"urlTemplate\":\"https:\\\/\\\/ingenias.es\\\/?s={search_term_string}\"},\"query-input\":{\"@type\":\"PropertyValueSpecification\",\"valueRequired\":true,\"valueName\":\"search_term_string\"}}],\"inLanguage\":\"en-US\"},{\"@type\":\"Organization\",\"@id\":\"https:\\\/\\\/ingenias.es\\\/#organization\",\"name\":\"Ingenias\",\"url\":\"https:\\\/\\\/ingenias.es\\\/\",\"logo\":{\"@type\":\"ImageObject\",\"inLanguage\":\"en-US\",\"@id\":\"https:\\\/\\\/ingenias.es\\\/#\\\/schema\\\/logo\\\/image\\\/\",\"url\":\"https:\\\/\\\/ingenias.es\\\/wp-content\\\/uploads\\\/ingenias-portada.png\",\"contentUrl\":\"https:\\\/\\\/ingenias.es\\\/wp-content\\\/uploads\\\/ingenias-portada.png\",\"width\":400,\"height\":400,\"caption\":\"Ingenias\"},\"image\":{\"@id\":\"https:\\\/\\\/ingenias.es\\\/#\\\/schema\\\/logo\\\/image\\\/\"},\"sameAs\":[\"https:\\\/\\\/www.linkedin.com\\\/company\\\/ingenias-creaciones-signos-e-invenciones-s-l\\\/\"]}]}<\/script>\n<!-- \/ Yoast SEO plugin. -->","yoast_head_json":{"title":"Pol\u00edtica de privacidad - Ingenias","robots":{"index":"noindex","follow":"nofollow"},"og_locale":"en_US","og_type":"article","og_title":"Pol\u00edtica de privacidad - Ingenias","og_description":"La siguiente pol\u00edtica de privacidad explica c\u00f3mo, por y para qu\u00e9 utilizamos tu informaci\u00f3n cuando visitas esta web o contratas alguno de nuestros servicios. INGENIAS CREACIONES SIGNOS E INVENCIONES, S.L. (en adelante, INGENIAS) tiene un especial celo por los datos personales de nuestros clientes por lo que nunca haremos un uso indebido de la informaci\u00f3n [&hellip;]","og_url":"https:\/\/ingenias.es\/en\/politica-de-privacidad\/","og_site_name":"Ingenias","article_modified_time":"2023-11-30T12:15:47+00:00","og_image":[{"width":1925,"height":1092,"url":"https:\/\/ingenias.es\/wp-content\/uploads\/oficina-ingenias.jpg","type":"image\/jpeg"}],"twitter_card":"summary_large_image","twitter_misc":{"Est. reading time":"7 minutes"},"schema":{"@context":"https:\/\/schema.org","@graph":[{"@type":"WebPage","@id":"https:\/\/ingenias.es\/en\/politica-de-privacidad\/","url":"https:\/\/ingenias.es\/en\/politica-de-privacidad\/","name":"Pol\u00edtica de privacidad - Ingenias","isPartOf":{"@id":"https:\/\/ingenias.es\/#website"},"datePublished":"2023-03-29T12:50:25+00:00","dateModified":"2023-11-30T12:15:47+00:00","breadcrumb":{"@id":"https:\/\/ingenias.es\/en\/politica-de-privacidad\/#breadcrumb"},"inLanguage":"en-US","potentialAction":[{"@type":"ReadAction","target":["https:\/\/ingenias.es\/en\/politica-de-privacidad\/"]}]},{"@type":"BreadcrumbList","@id":"https:\/\/ingenias.es\/en\/politica-de-privacidad\/#breadcrumb","itemListElement":[{"@type":"ListItem","position":1,"name":"Portada","item":"https:\/\/ingenias.es\/en\/"},{"@type":"ListItem","position":2,"name":"Pol\u00edtica de privacidad"}]},{"@type":"WebSite","@id":"https:\/\/ingenias.es\/#website","url":"https:\/\/ingenias.es\/","name":"Ingenias","description":"Patentes y Marcas \u00b7 Agencia Oficial Barcelona","publisher":{"@id":"https:\/\/ingenias.es\/#organization"},"potentialAction":[{"@type":"SearchAction","target":{"@type":"EntryPoint","urlTemplate":"https:\/\/ingenias.es\/?s={search_term_string}"},"query-input":{"@type":"PropertyValueSpecification","valueRequired":true,"valueName":"search_term_string"}}],"inLanguage":"en-US"},{"@type":"Organization","@id":"https:\/\/ingenias.es\/#organization","name":"Ingenias","url":"https:\/\/ingenias.es\/","logo":{"@type":"ImageObject","inLanguage":"en-US","@id":"https:\/\/ingenias.es\/#\/schema\/logo\/image\/","url":"https:\/\/ingenias.es\/wp-content\/uploads\/ingenias-portada.png","contentUrl":"https:\/\/ingenias.es\/wp-content\/uploads\/ingenias-portada.png","width":400,"height":400,"caption":"Ingenias"},"image":{"@id":"https:\/\/ingenias.es\/#\/schema\/logo\/image\/"},"sameAs":["https:\/\/www.linkedin.com\/company\/ingenias-creaciones-signos-e-invenciones-s-l\/"]}]}},"rttpg_featured_image_url":null,"rttpg_author":{"display_name":"DavidAmat","author_link":"https:\/\/ingenias.es\/en\/author\/davidamat\/"},"rttpg_comment":0,"rttpg_category":" <a href=\"https:\/\/ingenias.es\/en\/?taxonomy=translation_priority&#038;term=optional-en\" rel=\"tag\">Optional<\/a>","rttpg_excerpt":"La siguiente pol\u00edtica de privacidad explica c\u00f3mo, por y para qu\u00e9 utilizamos tu informaci\u00f3n cuando visitas esta web o contratas alguno de nuestros servicios. INGENIAS CREACIONES SIGNOS E INVENCIONES, S.L. (en adelante, INGENIAS) tiene un especial celo por los datos personales de nuestros clientes por lo que nunca haremos un uso indebido de la informaci\u00f3n&hellip;","_links":{"self":[{"href":"https:\/\/ingenias.es\/en\/wp-json\/wp\/v2\/pages\/4861","targetHints":{"allow":["GET"]}}],"collection":[{"href":"https:\/\/ingenias.es\/en\/wp-json\/wp\/v2\/pages"}],"about":[{"href":"https:\/\/ingenias.es\/en\/wp-json\/wp\/v2\/types\/page"}],"author":[{"embeddable":true,"href":"https:\/\/ingenias.es\/en\/wp-json\/wp\/v2\/users\/2"}],"replies":[{"embeddable":true,"href":"https:\/\/ingenias.es\/en\/wp-json\/wp\/v2\/comments?post=4861"}],"version-history":[{"count":0,"href":"https:\/\/ingenias.es\/en\/wp-json\/wp\/v2\/pages\/4861\/revisions"}],"wp:attachment":[{"href":"https:\/\/ingenias.es\/en\/wp-json\/wp\/v2\/media?parent=4861"}],"curies":[{"name":"wp","href":"https:\/\/api.w.org\/{rel}","templated":true}]}}